{"id":17855,"date":"2023-05-21T01:34:52","date_gmt":"2023-05-20T22:34:52","guid":{"rendered":"https:\/\/pigeshotel.gr\/nutzungsbedingungen\/"},"modified":"2025-04-29T13:32:55","modified_gmt":"2025-04-29T10:32:55","slug":"nutzungsbedingungen","status":"publish","type":"page","link":"https:\/\/pigeshotel.gr\/de\/nutzungsbedingungen\/","title":{"rendered":"NUTZUNGSBEDINGUNGEN"},"content":{"rendered":"\t\t<div data-elementor-type=\"wp-page\" data-elementor-id=\"17855\" class=\"elementor elementor-17855 elementor-12245\" data-elementor-post-type=\"page\">\n\t\t\t\t\t\t<section class=\"elementor-section elementor-top-section elementor-element elementor-element-512769c elementor-section-height-min-height elementor-section-boxed elementor-section-height-default elementor-section-items-middle\" data-id=\"512769c\" data-element_type=\"section\" data-e-type=\"section\" data-settings=\"{&quot;jet_parallax_layout_list&quot;:[],&quot;background_background&quot;:&quot;classic&quot;}\">\n\t\t\t\t\t\t<div class=\"elementor-container elementor-column-gap-default\">\n\t\t\t\t\t<div class=\"elementor-column elementor-col-100 elementor-top-column elementor-element elementor-element-014c64c\" data-id=\"014c64c\" data-element_type=\"column\" data-e-type=\"column\">\n\t\t\t<div class=\"elementor-widget-wrap elementor-element-populated\">\n\t\t\t\t\t\t<div class=\"elementor-element elementor-element-58ef1e1 elementor-widget elementor-widget-heading\" data-id=\"58ef1e1\" data-element_type=\"widget\" data-e-type=\"widget\" data-widget_type=\"heading.default\">\n\t\t\t\t<div class=\"elementor-widget-container\">\n\t\t\t\t\t<h2 class=\"elementor-heading-title elementor-size-default\">NUTZUNGSBEDINGUNGEN\n<\/h2>\t\t\t\t<\/div>\n\t\t\t\t<\/div>\n\t\t\t\t\t<\/div>\n\t\t<\/div>\n\t\t\t\t\t<\/div>\n\t\t<\/section>\n\t\t\t\t<section class=\"elementor-section elementor-top-section elementor-element elementor-element-a089f17 elementor-section-boxed elementor-section-height-default elementor-section-height-default\" data-id=\"a089f17\" data-element_type=\"section\" data-e-type=\"section\" data-settings=\"{&quot;jet_parallax_layout_list&quot;:[]}\">\n\t\t\t\t\t\t<div class=\"elementor-container elementor-column-gap-default\">\n\t\t\t\t\t<div class=\"elementor-column elementor-col-100 elementor-top-column elementor-element elementor-element-9cb6ae9\" data-id=\"9cb6ae9\" data-element_type=\"column\" data-e-type=\"column\">\n\t\t\t<div class=\"elementor-widget-wrap elementor-element-populated\">\n\t\t\t\t\t\t<div class=\"elementor-element elementor-element-bc11da9 elementor-widget elementor-widget-text-editor\" data-id=\"bc11da9\" data-element_type=\"widget\" data-e-type=\"widget\" data-widget_type=\"text-editor.default\">\n\t\t\t\t<div class=\"elementor-widget-container\">\n\t\t\t\t\t\t\t\t\t<p><b>Nutzungsbedingungen<\/b><\/p><p><b>Zuletzt aktualisiert am 18\/05\/2023<\/b><\/p><p><b><br><\/b>Dies sind die Allgemeinen Gesch\u00e4ftsbedingungen, die f\u00fcr alle Dienstleistungen von Piges Hotel gelten und f\u00fcr jede Nutzung der Website <a href=\"https:\/\/www.pigeshotel.gr\">https:\/\/www.pigeshotel.gr<\/a> und jeder anderen Website innerhalb dieser Website (im Folgenden: Website) gelten.<\/p><p><br>Durch die Nutzung der Website erkl\u00e4ren Sie sich mit diesen Allgemeinen Gesch\u00e4ftsbedingungen einverstanden. Piges Hotel hat das Recht, die Nutzungsbedingungen, unter denen der Inhalt der Website angeboten wird, jederzeit zu \u00e4ndern. Wir k\u00f6nnen diese Nutzungsbedingungen jederzeit durch \u00c4nderung dieser Seite aktualisieren. Sie sollten diese Seite regelm\u00e4\u00dfig \u00fcberpr\u00fcfen, um sich \u00fcber eventuelle \u00c4nderungen zu informieren, solange diese f\u00fcr Sie verbindlich sind. Wenn Sie nicht mit allen diesen Bedingungen einverstanden sind, nutzen Sie diese Website bitte nicht.    <\/p><p><b>Nutzungsbeschr\u00e4nkungen<\/b><br>Minderj\u00e4hrigen ist es untersagt, die Website und ihre Inhalte zu nutzen, die sich laut Gesetz ausschlie\u00dflich an Erwachsene richten. Sollten Minderj\u00e4hrige dennoch freiwillig die Website besuchen oder ihre Inhalte oder die \u00fcber sie angebotenen Dienstleistungen nutzen, die als ungeeignet f\u00fcr sie angesehen werden k\u00f6nnen, k\u00f6nnen das <a href=\"https:\/\/www.pigeshotel.gr\">Hotel Piges<\/a> und die mit ihm verbundenen Unternehmen nicht haftbar gemacht werden. <\/p><p><br><b>Inhalt der Website<\/b><br>Die Website und alle darin enthaltenen Inhalte, einschlie\u00dflich der Bilder, Fotografien, Marken und geistigen Eigentumsrechte, die mit diesem Material verbunden sind, geh\u00f6ren dem Piges Hotel. Die Website oder Teile davon d\u00fcrfen ohne die ausdr\u00fcckliche Genehmigung von Piges Hotel nicht reproduziert, kopiert, verkauft, weiterverkauft oder f\u00fcr kommerzielle Zwecke genutzt werden. <\/p><p><br><b>Links<\/b><br>Die Website kann Links zu anderen Websites enthalten. Piges Hotel stellt diese Links nur zu Ihrem Nutzen zur Verf\u00fcgung und ist nicht verantwortlich oder haftbar f\u00fcr die Handlungen dieser anderen unabh\u00e4ngigen Websites. Die Aufnahme dieser Links bedeutet in keiner Weise, dass Piges Hotel den Inhalt, die Werbung, die Produkte, die Dienstleistungen, die Richtlinien oder die Materialien, die auf diesen Websites zu finden oder verf\u00fcgbar sind, billigt, unterst\u00fctzt oder akzeptiert.  <br><br><\/p><p><b>Haftungsbeschr\u00e4nkung<\/b><br>Au\u00dfer in F\u00e4llen, in denen dies gesetzlich verboten ist, haftet Piges Hotel in keinem Fall f\u00fcr besondere, indirekte oder Folgesch\u00e4den oder f\u00fcr Sch\u00e4den im Allgemeinen, die sich aus der Nutzung dieser Website oder ihres Inhalts oder aus der Nutzung oder Nichtnutzung von Waren oder Dienstleistungen im Zusammenhang mit der Website durch Piges Hotel oder einen Drittanbieter ergeben k\u00f6nnen. Diese Haftungsbeschr\u00e4nkung gilt unabh\u00e4ngig davon, ob der geltend gemachte Anspruch auf einem Vertrag, Fahrl\u00e4ssigkeit oder einem anderen Anspruch beruht, selbst wenn Piges Hotel auf die M\u00f6glichkeit solcher Sch\u00e4den hingewiesen wurde. <br><br><\/p><p><b>Haftungsfreistellung<\/b><br>Sie erkl\u00e4ren sich damit einverstanden, Piges Hotel und seine verbundenen Unternehmen, leitenden Angestellten, Direktoren, Agenten und Mitarbeiter von allen Anspr\u00fcchen oder Forderungen, einschlie\u00dflich angemessener Anwaltskosten, freizustellen, die von Dritten aufgrund Ihrer Nutzung der Website, Ihrer Verletzung dieser Bedingungen oder Ihrer Verletzung von Gesetzen oder Rechten Dritter erhoben werden.<br><br><\/p><p><b>Sicherheit<\/b><br>Die Nutzung dieser Website unterliegt den Datenschutzrichtlinien von Piges Hotel. Wenn Sie sich \u00fcber die Sicherheitspraktiken informieren m\u00f6chten, die den Umgang mit den auf der Website bereitgestellten Informationen regeln, lesen Sie bitte die Datenschutzrichtlinie. Durch die Nutzung dieser Website erkl\u00e4ren Sie sich mit der Verwendung Ihrer pers\u00f6nlichen Daten, wie in unserer Datenschutzrichtlinie beschrieben, einverstanden.  <br><br><\/p><p><b>Allgemeiner Hinweis<\/b><br>Piges Hotel bem\u00fcht sich, den Inhalt der Website aktuell und zuverl\u00e4ssig zu halten. Piges Hotel und seine Vertreter sind jedoch nicht unfehlbar und Fehler und\/oder Auslassungen k\u00f6nnen manchmal auftreten. Piges Hotel wird den Inhalt und\/oder die Produkte, Dienstleistungen und Ressourcen, die auf der Website beschrieben werden, regelm\u00e4\u00dfig \u00fcberpr\u00fcfen und beh\u00e4lt sich das Recht vor, solche \u00c4nderungen vorzunehmen, ohne dass eine Verpflichtung besteht, fr\u00fchere, gegenw\u00e4rtige und zuk\u00fcnftige Besucher dieser Website zu benachrichtigen.  <br><br><\/p><p><b>Anwendbares Recht<\/b><br>F\u00fcr alle Streitigkeiten oder Konflikte, die zwischen Piges Hotel und dem Besucher\/Nutzer im Zusammenhang mit der Nutzung der Website und\/oder der Transaktion im Online-Shop entstehen k\u00f6nnen, wird die Anwendbarkeit des griechischen Rechts vereinbart und die Gerichte von Preveza sind zust\u00e4ndig.<\/p>\t\t\t\t\t\t\t\t<\/div>\n\t\t\t\t<\/div>\n\t\t\t\t\t<\/div>\n\t\t<\/div>\n\t\t\t\t\t<\/div>\n\t\t<\/section>\n\t\t\t\t<\/div>\n\t\t","protected":false},"excerpt":{"rendered":"<p>NUTZUNGSBEDINGUNGEN Nutzungsbedingungen Zuletzt aktualisiert am 18\/05\/2023 Dies sind die Allgemeinen Gesch\u00e4ftsbedingungen, die f\u00fcr alle Dienstleistungen von Piges Hotel gelten und f\u00fcr jede Nutzung der Website https:\/\/www.pigeshotel.gr und jeder anderen Website innerhalb dieser Website (im Folgenden: Website) gelten. Durch die Nutzung der Website erkl\u00e4ren Sie sich mit diesen Allgemeinen Gesch\u00e4ftsbedingungen einverstanden. Piges Hotel hat das Recht, [&hellip;]<\/p>\n","protected":false},"author":1,"featured_media":0,"parent":0,"menu_order":13,"comment_status":"closed","ping_status":"closed","template":"elementor_header_footer","meta":{"_acf_changed":false,"footnotes":""},"class_list":["post-17855","page","type-page","status-publish","hentry"],"acf":[],"yoast_head":"<!-- This site is optimized with the Yoast SEO Premium plugin v22.3 (Yoast SEO v24.2) - https:\/\/yoast.com\/wordpress\/plugins\/seo\/ -->\n<title>Nutzungsbedingungen - \u039e\u03b5\u03bd\u03bf\u03b4\u03bf\u03c7\u03b5\u03af\u03bf \u03a0\u03b7\u03b3\u03ad\u03c2 \u03c3\u03c4\u03bf\u03bd \u0391\u03c7\u03ad\u03c1\u03bf\u03bd\u03c4\u03b1 | Piges Hotel<\/title>\n<meta name=\"description\" content=\"Dies sind die Nutzungsbedingungen, die f\u00fcr alle Dienstleistungen von Piges Hotel gelten und f\u00fcr die gesamte Nutzung der Website gelten.\" \/>\n<meta name=\"robots\" content=\"index, follow, max-snippet:-1, max-image-preview:large, max-video-preview:-1\" \/>\n<meta property=\"og:locale\" content=\"de_DE\" \/>\n<meta property=\"og:type\" content=\"article\" \/>\n<meta property=\"og:title\" content=\"NUTZUNGSBEDINGUNGEN\" \/>\n<meta property=\"og:description\" content=\"Dies sind die Nutzungsbedingungen, die f\u00fcr alle Dienstleistungen von Piges Hotel gelten und f\u00fcr die gesamte Nutzung der Website gelten.\" \/>\n<meta property=\"og:url\" content=\"https:\/\/pigeshotel.gr\/de\/?page_id=17855\" \/>\n<meta property=\"og:site_name\" content=\"\u039e\u03b5\u03bd\u03bf\u03b4\u03bf\u03c7\u03b5\u03af\u03bf \u03a0\u03b7\u03b3\u03ad\u03c2 \u03c3\u03c4\u03bf\u03bd \u0391\u03c7\u03ad\u03c1\u03bf\u03bd\u03c4\u03b1 | Piges Hotel\" \/>\n<meta property=\"article:modified_time\" content=\"2025-04-29T10:32:55+00:00\" \/>\n<meta name=\"twitter:card\" content=\"summary_large_image\" \/>\n<meta name=\"twitter:label1\" content=\"Gesch\u00e4tzte Lesezeit\" \/>\n\t<meta name=\"twitter:data1\" content=\"3\u00a0Minuten\" \/>\n<script type=\"application\/ld+json\" class=\"yoast-schema-graph\">{\"@context\":\"https:\/\/schema.org\",\"@graph\":[{\"@type\":\"WebPage\",\"@id\":\"https:\/\/pigeshotel.gr\/de\/?page_id=17855\",\"url\":\"https:\/\/pigeshotel.gr\/de\/?page_id=17855\",\"name\":\"Nutzungsbedingungen - \u039e\u03b5\u03bd\u03bf\u03b4\u03bf\u03c7\u03b5\u03af\u03bf \u03a0\u03b7\u03b3\u03ad\u03c2 \u03c3\u03c4\u03bf\u03bd \u0391\u03c7\u03ad\u03c1\u03bf\u03bd\u03c4\u03b1 | Piges Hotel\",\"isPartOf\":{\"@id\":\"https:\/\/pigeshotel.gr\/#website\"},\"datePublished\":\"2023-05-20T22:34:52+00:00\",\"dateModified\":\"2025-04-29T10:32:55+00:00\",\"description\":\"Dies sind die Nutzungsbedingungen, die f\u00fcr alle Dienstleistungen von Piges Hotel gelten und f\u00fcr die gesamte Nutzung der Website gelten.\",\"breadcrumb\":{\"@id\":\"https:\/\/pigeshotel.gr\/de\/?page_id=17855#breadcrumb\"},\"inLanguage\":\"de\",\"potentialAction\":[{\"@type\":\"ReadAction\",\"target\":[\"https:\/\/pigeshotel.gr\/de\/?page_id=17855\"]}]},{\"@type\":\"BreadcrumbList\",\"@id\":\"https:\/\/pigeshotel.gr\/de\/?page_id=17855#breadcrumb\",\"itemListElement\":[{\"@type\":\"ListItem\",\"position\":1,\"name\":\"\u0391\u03c1\u03c7\u03b9\u03ba\u03ae\",\"item\":\"https:\/\/pigeshotel.gr\/de\/home\/\"},{\"@type\":\"ListItem\",\"position\":2,\"name\":\"NUTZUNGSBEDINGUNGEN\"}]},{\"@type\":\"WebSite\",\"@id\":\"https:\/\/pigeshotel.gr\/#website\",\"url\":\"https:\/\/pigeshotel.gr\/\",\"name\":\"Piges Hotel at Acheron Springs | \u039e\u03b5\u03bd\u03bf\u03b4\u03bf\u03c7\u03b5\u03af\u03bf \u03a0\u03b7\u03b3\u03ad\u03c2 \u03c3\u03c4\u03bf\u03bd \u0391\u03c7\u03ad\u03c1\u03bf\u03bd\u03c4\u03b1\",\"description\":\"\u0391\u03c0\u03bf\u03bb\u03b1\u03cd\u03c3\u03c4\u03b5 \u03bc\u03b9\u03b1 \u03be\u03b5\u03c7\u03c9\u03c1\u03b9\u03c3\u03c4\u03ae \u03b4\u03b9\u03b1\u03bc\u03bf\u03bd\u03ae \u03c3\u03c4\u03b7\u03bd \u03ba\u03b1\u03c1\u03b4\u03b9\u03ac \u03c4\u03b7\u03c2 \u03c6\u03cd\u03c3\u03b7\u03c2\",\"publisher\":{\"@id\":\"https:\/\/pigeshotel.gr\/#\/schema\/person\/a6243f74b389f16d82ff7d75fcec0697\"},\"alternateName\":\"Piges Hotel at Acheron Springs\",\"potentialAction\":[{\"@type\":\"SearchAction\",\"target\":{\"@type\":\"EntryPoint\",\"urlTemplate\":\"https:\/\/pigeshotel.gr\/?s={search_term_string}\"},\"query-input\":{\"@type\":\"PropertyValueSpecification\",\"valueRequired\":true,\"valueName\":\"search_term_string\"}}],\"inLanguage\":\"de\"},{\"@type\":[\"Person\",\"Organization\"],\"@id\":\"https:\/\/pigeshotel.gr\/#\/schema\/person\/a6243f74b389f16d82ff7d75fcec0697\",\"name\":\"admin\",\"image\":{\"@type\":\"ImageObject\",\"inLanguage\":\"de\",\"@id\":\"https:\/\/pigeshotel.gr\/#\/schema\/person\/image\/\",\"url\":\"https:\/\/pigeshotel.gr\/wp-content\/uploads\/2023\/03\/pigeshotel_logo_dark.png\",\"contentUrl\":\"https:\/\/pigeshotel.gr\/wp-content\/uploads\/2023\/03\/pigeshotel_logo_dark.png\",\"width\":751,\"height\":297,\"caption\":\"admin\"},\"logo\":{\"@id\":\"https:\/\/pigeshotel.gr\/#\/schema\/person\/image\/\"},\"sameAs\":[\"https:\/\/pigeshotel.gr\"]}]}<\/script>\n<!-- \/ Yoast SEO Premium plugin. -->","yoast_head_json":{"title":"Nutzungsbedingungen - \u039e\u03b5\u03bd\u03bf\u03b4\u03bf\u03c7\u03b5\u03af\u03bf \u03a0\u03b7\u03b3\u03ad\u03c2 \u03c3\u03c4\u03bf\u03bd \u0391\u03c7\u03ad\u03c1\u03bf\u03bd\u03c4\u03b1 | Piges Hotel","description":"Dies sind die Nutzungsbedingungen, die f\u00fcr alle Dienstleistungen von Piges Hotel gelten und f\u00fcr die gesamte Nutzung der Website gelten.","robots":{"index":"index","follow":"follow","max-snippet":"max-snippet:-1","max-image-preview":"max-image-preview:large","max-video-preview":"max-video-preview:-1"},"og_locale":"de_DE","og_type":"article","og_title":"NUTZUNGSBEDINGUNGEN","og_description":"Dies sind die Nutzungsbedingungen, die f\u00fcr alle Dienstleistungen von Piges Hotel gelten und f\u00fcr die gesamte Nutzung der Website gelten.","og_url":"https:\/\/pigeshotel.gr\/de\/?page_id=17855","og_site_name":"\u039e\u03b5\u03bd\u03bf\u03b4\u03bf\u03c7\u03b5\u03af\u03bf \u03a0\u03b7\u03b3\u03ad\u03c2 \u03c3\u03c4\u03bf\u03bd \u0391\u03c7\u03ad\u03c1\u03bf\u03bd\u03c4\u03b1 | Piges Hotel","article_modified_time":"2025-04-29T10:32:55+00:00","twitter_card":"summary_large_image","twitter_misc":{"Gesch\u00e4tzte Lesezeit":"3\u00a0Minuten"},"schema":{"@context":"https:\/\/schema.org","@graph":[{"@type":"WebPage","@id":"https:\/\/pigeshotel.gr\/de\/?page_id=17855","url":"https:\/\/pigeshotel.gr\/de\/?page_id=17855","name":"Nutzungsbedingungen - \u039e\u03b5\u03bd\u03bf\u03b4\u03bf\u03c7\u03b5\u03af\u03bf \u03a0\u03b7\u03b3\u03ad\u03c2 \u03c3\u03c4\u03bf\u03bd \u0391\u03c7\u03ad\u03c1\u03bf\u03bd\u03c4\u03b1 | Piges Hotel","isPartOf":{"@id":"https:\/\/pigeshotel.gr\/#website"},"datePublished":"2023-05-20T22:34:52+00:00","dateModified":"2025-04-29T10:32:55+00:00","description":"Dies sind die Nutzungsbedingungen, die f\u00fcr alle Dienstleistungen von Piges Hotel gelten und f\u00fcr die gesamte Nutzung der Website gelten.","breadcrumb":{"@id":"https:\/\/pigeshotel.gr\/de\/?page_id=17855#breadcrumb"},"inLanguage":"de","potentialAction":[{"@type":"ReadAction","target":["https:\/\/pigeshotel.gr\/de\/?page_id=17855"]}]},{"@type":"BreadcrumbList","@id":"https:\/\/pigeshotel.gr\/de\/?page_id=17855#breadcrumb","itemListElement":[{"@type":"ListItem","position":1,"name":"\u0391\u03c1\u03c7\u03b9\u03ba\u03ae","item":"https:\/\/pigeshotel.gr\/de\/home\/"},{"@type":"ListItem","position":2,"name":"NUTZUNGSBEDINGUNGEN"}]},{"@type":"WebSite","@id":"https:\/\/pigeshotel.gr\/#website","url":"https:\/\/pigeshotel.gr\/","name":"Piges Hotel at Acheron Springs | \u039e\u03b5\u03bd\u03bf\u03b4\u03bf\u03c7\u03b5\u03af\u03bf \u03a0\u03b7\u03b3\u03ad\u03c2 \u03c3\u03c4\u03bf\u03bd \u0391\u03c7\u03ad\u03c1\u03bf\u03bd\u03c4\u03b1","description":"\u0391\u03c0\u03bf\u03bb\u03b1\u03cd\u03c3\u03c4\u03b5 \u03bc\u03b9\u03b1 \u03be\u03b5\u03c7\u03c9\u03c1\u03b9\u03c3\u03c4\u03ae \u03b4\u03b9\u03b1\u03bc\u03bf\u03bd\u03ae \u03c3\u03c4\u03b7\u03bd \u03ba\u03b1\u03c1\u03b4\u03b9\u03ac \u03c4\u03b7\u03c2 \u03c6\u03cd\u03c3\u03b7\u03c2","publisher":{"@id":"https:\/\/pigeshotel.gr\/#\/schema\/person\/a6243f74b389f16d82ff7d75fcec0697"},"alternateName":"Piges Hotel at Acheron Springs","potentialAction":[{"@type":"SearchAction","target":{"@type":"EntryPoint","urlTemplate":"https:\/\/pigeshotel.gr\/?s={search_term_string}"},"query-input":{"@type":"PropertyValueSpecification","valueRequired":true,"valueName":"search_term_string"}}],"inLanguage":"de"},{"@type":["Person","Organization"],"@id":"https:\/\/pigeshotel.gr\/#\/schema\/person\/a6243f74b389f16d82ff7d75fcec0697","name":"admin","image":{"@type":"ImageObject","inLanguage":"de","@id":"https:\/\/pigeshotel.gr\/#\/schema\/person\/image\/","url":"https:\/\/pigeshotel.gr\/wp-content\/uploads\/2023\/03\/pigeshotel_logo_dark.png","contentUrl":"https:\/\/pigeshotel.gr\/wp-content\/uploads\/2023\/03\/pigeshotel_logo_dark.png","width":751,"height":297,"caption":"admin"},"logo":{"@id":"https:\/\/pigeshotel.gr\/#\/schema\/person\/image\/"},"sameAs":["https:\/\/pigeshotel.gr"]}]}},"_links":{"self":[{"href":"https:\/\/pigeshotel.gr\/de\/wp-json\/wp\/v2\/pages\/17855","targetHints":{"allow":["GET"]}}],"collection":[{"href":"https:\/\/pigeshotel.gr\/de\/wp-json\/wp\/v2\/pages"}],"about":[{"href":"https:\/\/pigeshotel.gr\/de\/wp-json\/wp\/v2\/types\/page"}],"author":[{"embeddable":true,"href":"https:\/\/pigeshotel.gr\/de\/wp-json\/wp\/v2\/users\/1"}],"replies":[{"embeddable":true,"href":"https:\/\/pigeshotel.gr\/de\/wp-json\/wp\/v2\/comments?post=17855"}],"version-history":[{"count":2,"href":"https:\/\/pigeshotel.gr\/de\/wp-json\/wp\/v2\/pages\/17855\/revisions"}],"predecessor-version":[{"id":17857,"href":"https:\/\/pigeshotel.gr\/de\/wp-json\/wp\/v2\/pages\/17855\/revisions\/17857"}],"wp:attachment":[{"href":"https:\/\/pigeshotel.gr\/de\/wp-json\/wp\/v2\/media?parent=17855"}],"curies":[{"name":"wp","href":"https:\/\/api.w.org\/{rel}","templated":true}]}}